{"id":2358,"date":"2015-02-04T09:37:53","date_gmt":"2015-02-04T09:37:53","guid":{"rendered":"http:\/\/pflegediensthelfendehaende.de\/?page_id=2358"},"modified":"2015-02-09T10:18:57","modified_gmt":"2015-02-09T10:18:57","slug":"ueber-uns-2","status":"publish","type":"page","link":"http:\/\/pflegediensthelfendehaende.de\/?page_id=2358","title":{"rendered":"\u00dcber uns"},"content":{"rendered":"<p>Wir begr\u00fc\u00dfen Sie auf unserer neuen Homepage und freuen uns, dass Sie bei uns vorbeischauen. Als Ihr kompetenter Partner zum Thema ambulante Krankenpflege stellen wir Ihnen hier unser seit 1999 gegr\u00fcndeten Pflegedienst vor. Wir sind Vertragspartner aller Kranken- und Pflegekassen.<\/p>\n<p>Wir sind f\u00fcr Sie erreichbar: Tel.:0228-24 270 24<\/p>\n<ul compact=\"compact\">\n<li>Grundpflege<\/li>\n<li>Behandlungspflege<\/li>\n<li>Familienpflege<\/li>\n<li>Hauswirtschaftliche Leistungen<\/li>\n<li>Erstellung von Pflegegutachten nach \u00a7 37,3 SGB XI<\/li>\n<li>Betreuungsangebote nach \u00a7 45 b SGB XI<\/li>\n<\/ul>\n<p>Als\u00a0 inhabergef\u00fchrter\u00a0Pflegedienst k\u00f6nnen wir flexibel und individuell auf Ihre Spezialw\u00fcnsche eingehen. Gute Beratung, Qualit\u00e4t und P\u00fcnktlichkeit in der\u00a0Versorgung ist unser Prinzip, mit dem wir schon seit\u00a01999 Erfolge und zufriedene Kunden vorweisen k\u00f6nnen.<\/p>\n<div id=\"themify_builder_content-2358\" data-postid=\"2358\" class=\"themify_builder_content themify_builder_content-2358 themify_builder themify_builder_front\">\n\t<\/div>\n<!-- \/themify_builder_content -->","protected":false},"excerpt":{"rendered":"<p>Wir begr\u00fc\u00dfen Sie auf unserer neuen Homepage und freuen uns, dass Sie bei uns vorbeischauen. Als Ihr kompetenter Partner zum Thema ambulante Krankenpflege stellen wir Ihnen hier unser seit 1999 gegr\u00fcndeten Pflegedienst vor. Wir sind Vertragspartner aller Kranken- und Pflegekassen. Wir sind f\u00fcr Sie erreichbar: Tel.:0228-24 270 24 Grundpflege Behandlungspflege Familienpflege Hauswirtschaftliche Leistungen Erstellung von [&hellip;]<\/p>\n","protected":false},"author":2,"featured_media":0,"parent":0,"menu_order":1,"comment_status":"closed","ping_status":"open","template":"","meta":{"footnotes":""},"_links":{"self":[{"href":"http:\/\/pflegediensthelfendehaende.de\/index.php?rest_route=\/wp\/v2\/pages\/2358"}],"collection":[{"href":"http:\/\/pflegediensthelfendehaende.de\/index.php?rest_route=\/wp\/v2\/pages"}],"about":[{"href":"http:\/\/pflegediensthelfendehaende.de\/index.php?rest_route=\/wp\/v2\/types\/page"}],"author":[{"embeddable":true,"href":"http:\/\/pflegediensthelfendehaende.de\/index.php?rest_route=\/wp\/v2\/users\/2"}],"replies":[{"embeddable":true,"href":"http:\/\/pflegediensthelfendehaende.de\/index.php?rest_route=%2Fwp%2Fv2%2Fcomments&post=2358"}],"version-history":[{"count":4,"href":"http:\/\/pflegediensthelfendehaende.de\/index.php?rest_route=\/wp\/v2\/pages\/2358\/revisions"}],"predecessor-version":[{"id":2471,"href":"http:\/\/pflegediensthelfendehaende.de\/index.php?rest_route=\/wp\/v2\/pages\/2358\/revisions\/2471"}],"wp:attachment":[{"href":"http:\/\/pflegediensthelfendehaende.de\/index.php?rest_route=%2Fwp%2Fv2%2Fmedia&parent=2358"}],"curies":[{"name":"wp","href":"https:\/\/api.w.org\/{rel}","templated":true}]}}