{"id":2373,"date":"2015-02-04T09:49:49","date_gmt":"2015-02-04T09:49:49","guid":{"rendered":"http:\/\/pflegediensthelfendehaende.de\/?page_id=2373"},"modified":"2018-08-02T14:40:36","modified_gmt":"2018-08-02T14:40:36","slug":"impressum","status":"publish","type":"page","link":"http:\/\/pflegediensthelfendehaende.de\/?page_id=2373","title":{"rendered":"Impressum"},"content":{"rendered":"<p>Helfende H\u00e4nde<br \/>\nRheinaustr. 126-128<br \/>\nD-53225 Bonn<\/p>\n<p>Vertretungsberechtigte: Elisabeth Schrey<\/p>\n<p>&nbsp;<\/p>\n<p>Datenschutzhinweis:<br \/>\nIhre personenbezogenen Daten werden bei uns vertraulich behandelt. Ihre pers\u00f6nlichen Daten, die Sie uns im Rahmen einer Kontaktaufnahme zur Verf\u00fcgung stellen, werden bei uns gespeichert und im Rahmen der Kontaktaufahme verarbeitet. Hier handelt es sich in der Regel um Ihren Namen, Ihre E-Mail-Adresse, Ihre Anschrift, Ihre Telefonnummer oder Telefaxnummer.<\/p>\n<p>Wir nutzen Ihre Daten, um Ihnen attraktive Angebote zusenden zu k\u00f6nnen. Wir nutzen Ihre Daten f\u00fcr eigene Zwecke, geben diese jedoch NICHT an Dritte weiter. Der Nutzung Ihrer pers\u00f6nlichen Daten k\u00f6nnen Sie jederzeit durch schriftliche Mitteilung an uns oder per Mail an uns widersprechen. Nach Erhalt Ihres Widerrufes werden wir die weitere Zusendung von Informationen umgehend einstellen.<\/p>\n<p>Ver\u00e4nderungen unseres Gesch\u00e4ftes sowie Gesetzes\u00e4nderungen k\u00f6nnen unsere Datenschutzbedingungen beeinflussen. Diese werden wir entsprechend aktualisieren und an dieser Stelle ver\u00f6ffentlichen.<\/p>\n<p>Quelle Bilder: www.shutterstock.com<\/p>\n<div id=\"themify_builder_content-2373\" data-postid=\"2373\" class=\"themify_builder_content themify_builder_content-2373 themify_builder themify_builder_front\">\n\t<\/div>\n<!-- \/themify_builder_content -->","protected":false},"excerpt":{"rendered":"<p>Helfende H\u00e4nde Rheinaustr. 126-128 D-53225 Bonn Vertretungsberechtigte: Elisabeth Schrey &nbsp; Datenschutzhinweis: Ihre personenbezogenen Daten werden bei uns vertraulich behandelt. Ihre pers\u00f6nlichen Daten, die Sie uns im Rahmen einer Kontaktaufnahme zur Verf\u00fcgung stellen, werden bei uns gespeichert und im Rahmen der Kontaktaufahme verarbeitet. Hier handelt es sich in der Regel um Ihren Namen, Ihre E-Mail-Adresse, Ihre [&hellip;]<\/p>\n","protected":false},"author":2,"featured_media":0,"parent":0,"menu_order":11,"comment_status":"closed","ping_status":"open","template":"","meta":{"footnotes":""},"_links":{"self":[{"href":"http:\/\/pflegediensthelfendehaende.de\/index.php?rest_route=\/wp\/v2\/pages\/2373"}],"collection":[{"href":"http:\/\/pflegediensthelfendehaende.de\/index.php?rest_route=\/wp\/v2\/pages"}],"about":[{"href":"http:\/\/pflegediensthelfendehaende.de\/index.php?rest_route=\/wp\/v2\/types\/page"}],"author":[{"embeddable":true,"href":"http:\/\/pflegediensthelfendehaende.de\/index.php?rest_route=\/wp\/v2\/users\/2"}],"replies":[{"embeddable":true,"href":"http:\/\/pflegediensthelfendehaende.de\/index.php?rest_route=%2Fwp%2Fv2%2Fcomments&post=2373"}],"version-history":[{"count":4,"href":"http:\/\/pflegediensthelfendehaende.de\/index.php?rest_route=\/wp\/v2\/pages\/2373\/revisions"}],"predecessor-version":[{"id":2557,"href":"http:\/\/pflegediensthelfendehaende.de\/index.php?rest_route=\/wp\/v2\/pages\/2373\/revisions\/2557"}],"wp:attachment":[{"href":"http:\/\/pflegediensthelfendehaende.de\/index.php?rest_route=%2Fwp%2Fv2%2Fmedia&parent=2373"}],"curies":[{"name":"wp","href":"https:\/\/api.w.org\/{rel}","templated":true}]}}